{"id":426,"date":"2025-11-06T09:44:49","date_gmt":"2025-11-06T08:44:49","guid":{"rendered":"https:\/\/maison-laudacius.com\/product\/aop-montlouis-sur-loire-methode-2\/"},"modified":"2026-04-07T17:32:21","modified_gmt":"2026-04-07T15:32:21","slug":"aop-montlouis-sur-loire-methode-2","status":"publish","type":"product","link":"https:\/\/maison-laudacius.com\/en\/product\/aop-montlouis-sur-loire-methode-2\/","title":{"rendered":"Test"},"content":{"rendered":"<p>Notre Montlouis \u201cLaudacius\u201d est une M\u00e9thode Traditionnelle brut nature sans soufre ajout\u00e9, \u00e0 la robe dor\u00e9e avec une mousse fine et a\u00e9rienne. Cette cuv\u00e9e poss\u00e8de un nez \u00e9l\u00e9gant de poire et de pomme l\u00e9g\u00e8rement compot\u00e9e. Un vin fruit\u00e9 et complexe dont la fra\u00eecheur et la longueur en bouche satisferont les amateurs de grands vins.<\/p>\n","protected":false},"excerpt":{"rendered":"<p>Notre Montlouis \u201cLaudacius\u201d est une M\u00e9thode Traditionnelle brut nature sans soufre ajout\u00e9, \u00e0 la robe dor\u00e9e avec une mousse fine et a\u00e9rienne. Cette cuv\u00e9e poss\u00e8de un nez \u00e9l\u00e9gant de poire et de pomme l\u00e9g\u00e8rement compot\u00e9e. Un vin fruit\u00e9 et complexe dont la fra\u00eecheur et la longueur en bouche satisferont les amateurs de grands vins.<\/p>\n","protected":false},"featured_media":428,"template":"","meta":{"_acf_changed":false},"product_brand":[],"product_cat":[39],"product_tag":[],"class_list":{"0":"post-426","1":"product","2":"type-product","3":"status-publish","4":"has-post-thumbnail","6":"product_cat-non-categorise","8":"first","9":"instock","10":"shipping-taxable","11":"purchasable","12":"product-type-variable"},"acf":[],"yoast_head":"<!-- This site is optimized with the Yoast SEO plugin v27.3 - https:\/\/yoast.com\/product\/yoast-seo-wordpress\/ -->\n<title>Test - Maison Laudacius<\/title>\n<meta name=\"robots\" content=\"index, follow, max-snippet:-1, max-image-preview:large, max-video-preview:-1\" \/>\n<link rel=\"canonical\" href=\"https:\/\/maison-laudacius.com\/en\/product\/aop-montlouis-sur-loire-methode-2\/\" \/>\n<meta property=\"og:locale\" content=\"en_US\" \/>\n<meta property=\"og:type\" content=\"article\" \/>\n<meta property=\"og:title\" content=\"Test - Maison Laudacius\" \/>\n<meta property=\"og:description\" content=\"Notre Montlouis \u201cLaudacius\u201d est une M\u00e9thode Traditionnelle brut nature sans soufre ajout\u00e9, \u00e0 la robe dor\u00e9e avec une mousse fine et a\u00e9rienne. Cette cuv\u00e9e poss\u00e8de un nez \u00e9l\u00e9gant de poire et de pomme l\u00e9g\u00e8rement compot\u00e9e. Un vin fruit\u00e9 et complexe dont la fra\u00eecheur et la longueur en bouche satisferont les amateurs de grands vins.\" \/>\n<meta property=\"og:url\" content=\"https:\/\/maison-laudacius.com\/en\/product\/aop-montlouis-sur-loire-methode-2\/\" \/>\n<meta property=\"og:site_name\" content=\"Maison Laudacius\" \/>\n<meta property=\"article:modified_time\" content=\"2026-04-07T15:32:21+00:00\" \/>\n<meta property=\"og:image\" content=\"https:\/\/maison-laudacius.com.dev2.tribu-and-co.com\/wp-content\/uploads\/2025\/11\/7d5ee1ad35715a4b87d9f33d787cb97d78d222ed.png\" \/>\n\t<meta property=\"og:image:width\" content=\"398\" \/>\n\t<meta property=\"og:image:height\" content=\"586\" \/>\n\t<meta property=\"og:image:type\" content=\"image\/png\" \/>\n<meta name=\"twitter:card\" content=\"summary_large_image\" \/>\n<meta name=\"twitter:label1\" content=\"Est. reading time\" \/>\n\t<meta name=\"twitter:data1\" content=\"1 minute\" \/>\n<script type=\"application\/ld+json\" class=\"yoast-schema-graph\">{\"@context\":\"https:\\\/\\\/schema.org\",\"@graph\":[{\"@type\":\"WebPage\",\"@id\":\"https:\\\/\\\/maison-laudacius.com\\\/en\\\/product\\\/aop-montlouis-sur-loire-methode-2\\\/\",\"url\":\"https:\\\/\\\/maison-laudacius.com\\\/en\\\/product\\\/aop-montlouis-sur-loire-methode-2\\\/\",\"name\":\"Test - Maison Laudacius\",\"isPartOf\":{\"@id\":\"https:\\\/\\\/maison-laudacius.com\\\/en\\\/#website\"},\"primaryImageOfPage\":{\"@id\":\"https:\\\/\\\/maison-laudacius.com\\\/en\\\/product\\\/aop-montlouis-sur-loire-methode-2\\\/#primaryimage\"},\"image\":{\"@id\":\"https:\\\/\\\/maison-laudacius.com\\\/en\\\/product\\\/aop-montlouis-sur-loire-methode-2\\\/#primaryimage\"},\"thumbnailUrl\":\"https:\\\/\\\/maison-laudacius.com\\\/wp-content\\\/uploads\\\/2025\\\/11\\\/7d5ee1ad35715a4b87d9f33d787cb97d78d222ed.png\",\"datePublished\":\"2025-11-06T08:44:49+00:00\",\"dateModified\":\"2026-04-07T15:32:21+00:00\",\"breadcrumb\":{\"@id\":\"https:\\\/\\\/maison-laudacius.com\\\/en\\\/product\\\/aop-montlouis-sur-loire-methode-2\\\/#breadcrumb\"},\"inLanguage\":\"en-US\",\"potentialAction\":[{\"@type\":\"ReadAction\",\"target\":[\"https:\\\/\\\/maison-laudacius.com\\\/en\\\/product\\\/aop-montlouis-sur-loire-methode-2\\\/\"]}]},{\"@type\":\"ImageObject\",\"inLanguage\":\"en-US\",\"@id\":\"https:\\\/\\\/maison-laudacius.com\\\/en\\\/product\\\/aop-montlouis-sur-loire-methode-2\\\/#primaryimage\",\"url\":\"https:\\\/\\\/maison-laudacius.com\\\/wp-content\\\/uploads\\\/2025\\\/11\\\/7d5ee1ad35715a4b87d9f33d787cb97d78d222ed.png\",\"contentUrl\":\"https:\\\/\\\/maison-laudacius.com\\\/wp-content\\\/uploads\\\/2025\\\/11\\\/7d5ee1ad35715a4b87d9f33d787cb97d78d222ed.png\",\"width\":398,\"height\":586},{\"@type\":\"BreadcrumbList\",\"@id\":\"https:\\\/\\\/maison-laudacius.com\\\/en\\\/product\\\/aop-montlouis-sur-loire-methode-2\\\/#breadcrumb\",\"itemListElement\":[{\"@type\":\"ListItem\",\"position\":1,\"name\":\"Accueil\",\"item\":\"https:\\\/\\\/maison-laudacius.com\\\/en\\\/\"},{\"@type\":\"ListItem\",\"position\":2,\"name\":\"Test\"}]},{\"@type\":\"WebSite\",\"@id\":\"https:\\\/\\\/maison-laudacius.com\\\/en\\\/#website\",\"url\":\"https:\\\/\\\/maison-laudacius.com\\\/en\\\/\",\"name\":\"Maison Laudacius\",\"description\":\"\",\"publisher\":{\"@id\":\"https:\\\/\\\/maison-laudacius.com\\\/en\\\/#organization\"},\"potentialAction\":[{\"@type\":\"SearchAction\",\"target\":{\"@type\":\"EntryPoint\",\"urlTemplate\":\"https:\\\/\\\/maison-laudacius.com\\\/en\\\/?s={search_term_string}\"},\"query-input\":{\"@type\":\"PropertyValueSpecification\",\"valueRequired\":true,\"valueName\":\"search_term_string\"}}],\"inLanguage\":\"en-US\"},{\"@type\":\"Organization\",\"@id\":\"https:\\\/\\\/maison-laudacius.com\\\/en\\\/#organization\",\"name\":\"Maison Laudacius\",\"url\":\"https:\\\/\\\/maison-laudacius.com\\\/en\\\/\",\"logo\":{\"@type\":\"ImageObject\",\"inLanguage\":\"en-US\",\"@id\":\"https:\\\/\\\/maison-laudacius.com\\\/en\\\/#\\\/schema\\\/logo\\\/image\\\/\",\"url\":\"https:\\\/\\\/maison-laudacius.com\\\/wp-content\\\/uploads\\\/2025\\\/11\\\/logo.svg\",\"contentUrl\":\"https:\\\/\\\/maison-laudacius.com\\\/wp-content\\\/uploads\\\/2025\\\/11\\\/logo.svg\",\"width\":261,\"height\":48,\"caption\":\"Maison Laudacius\"},\"image\":{\"@id\":\"https:\\\/\\\/maison-laudacius.com\\\/en\\\/#\\\/schema\\\/logo\\\/image\\\/\"}}]}<\/script>\n<!-- \/ Yoast SEO plugin. -->","yoast_head_json":{"title":"Test - Maison Laudacius","robots":{"index":"index","follow":"follow","max-snippet":"max-snippet:-1","max-image-preview":"max-image-preview:large","max-video-preview":"max-video-preview:-1"},"canonical":"https:\/\/maison-laudacius.com\/en\/product\/aop-montlouis-sur-loire-methode-2\/","og_locale":"en_US","og_type":"article","og_title":"Test - Maison Laudacius","og_description":"Notre Montlouis \u201cLaudacius\u201d est une M\u00e9thode Traditionnelle brut nature sans soufre ajout\u00e9, \u00e0 la robe dor\u00e9e avec une mousse fine et a\u00e9rienne. Cette cuv\u00e9e poss\u00e8de un nez \u00e9l\u00e9gant de poire et de pomme l\u00e9g\u00e8rement compot\u00e9e. Un vin fruit\u00e9 et complexe dont la fra\u00eecheur et la longueur en bouche satisferont les amateurs de grands vins.","og_url":"https:\/\/maison-laudacius.com\/en\/product\/aop-montlouis-sur-loire-methode-2\/","og_site_name":"Maison Laudacius","article_modified_time":"2026-04-07T15:32:21+00:00","og_image":[{"width":398,"height":586,"url":"https:\/\/maison-laudacius.com.dev2.tribu-and-co.com\/wp-content\/uploads\/2025\/11\/7d5ee1ad35715a4b87d9f33d787cb97d78d222ed.png","type":"image\/png"}],"twitter_card":"summary_large_image","twitter_misc":{"Est. reading time":"1 minute"},"schema":{"@context":"https:\/\/schema.org","@graph":[{"@type":"WebPage","@id":"https:\/\/maison-laudacius.com\/en\/product\/aop-montlouis-sur-loire-methode-2\/","url":"https:\/\/maison-laudacius.com\/en\/product\/aop-montlouis-sur-loire-methode-2\/","name":"Test - Maison Laudacius","isPartOf":{"@id":"https:\/\/maison-laudacius.com\/en\/#website"},"primaryImageOfPage":{"@id":"https:\/\/maison-laudacius.com\/en\/product\/aop-montlouis-sur-loire-methode-2\/#primaryimage"},"image":{"@id":"https:\/\/maison-laudacius.com\/en\/product\/aop-montlouis-sur-loire-methode-2\/#primaryimage"},"thumbnailUrl":"https:\/\/maison-laudacius.com\/wp-content\/uploads\/2025\/11\/7d5ee1ad35715a4b87d9f33d787cb97d78d222ed.png","datePublished":"2025-11-06T08:44:49+00:00","dateModified":"2026-04-07T15:32:21+00:00","breadcrumb":{"@id":"https:\/\/maison-laudacius.com\/en\/product\/aop-montlouis-sur-loire-methode-2\/#breadcrumb"},"inLanguage":"en-US","potentialAction":[{"@type":"ReadAction","target":["https:\/\/maison-laudacius.com\/en\/product\/aop-montlouis-sur-loire-methode-2\/"]}]},{"@type":"ImageObject","inLanguage":"en-US","@id":"https:\/\/maison-laudacius.com\/en\/product\/aop-montlouis-sur-loire-methode-2\/#primaryimage","url":"https:\/\/maison-laudacius.com\/wp-content\/uploads\/2025\/11\/7d5ee1ad35715a4b87d9f33d787cb97d78d222ed.png","contentUrl":"https:\/\/maison-laudacius.com\/wp-content\/uploads\/2025\/11\/7d5ee1ad35715a4b87d9f33d787cb97d78d222ed.png","width":398,"height":586},{"@type":"BreadcrumbList","@id":"https:\/\/maison-laudacius.com\/en\/product\/aop-montlouis-sur-loire-methode-2\/#breadcrumb","itemListElement":[{"@type":"ListItem","position":1,"name":"Accueil","item":"https:\/\/maison-laudacius.com\/en\/"},{"@type":"ListItem","position":2,"name":"Test"}]},{"@type":"WebSite","@id":"https:\/\/maison-laudacius.com\/en\/#website","url":"https:\/\/maison-laudacius.com\/en\/","name":"Maison Laudacius","description":"","publisher":{"@id":"https:\/\/maison-laudacius.com\/en\/#organization"},"potentialAction":[{"@type":"SearchAction","target":{"@type":"EntryPoint","urlTemplate":"https:\/\/maison-laudacius.com\/en\/?s={search_term_string}"},"query-input":{"@type":"PropertyValueSpecification","valueRequired":true,"valueName":"search_term_string"}}],"inLanguage":"en-US"},{"@type":"Organization","@id":"https:\/\/maison-laudacius.com\/en\/#organization","name":"Maison Laudacius","url":"https:\/\/maison-laudacius.com\/en\/","logo":{"@type":"ImageObject","inLanguage":"en-US","@id":"https:\/\/maison-laudacius.com\/en\/#\/schema\/logo\/image\/","url":"https:\/\/maison-laudacius.com\/wp-content\/uploads\/2025\/11\/logo.svg","contentUrl":"https:\/\/maison-laudacius.com\/wp-content\/uploads\/2025\/11\/logo.svg","width":261,"height":48,"caption":"Maison Laudacius"},"image":{"@id":"https:\/\/maison-laudacius.com\/en\/#\/schema\/logo\/image\/"}}]}},"_links":{"self":[{"href":"https:\/\/maison-laudacius.com\/en\/wp-json\/wp\/v2\/product\/426","targetHints":{"allow":["GET"]}}],"collection":[{"href":"https:\/\/maison-laudacius.com\/en\/wp-json\/wp\/v2\/product"}],"about":[{"href":"https:\/\/maison-laudacius.com\/en\/wp-json\/wp\/v2\/types\/product"}],"wp:featuredmedia":[{"embeddable":true,"href":"https:\/\/maison-laudacius.com\/en\/wp-json\/wp\/v2\/media\/428"}],"wp:attachment":[{"href":"https:\/\/maison-laudacius.com\/en\/wp-json\/wp\/v2\/media?parent=426"}],"wp:term":[{"taxonomy":"product_brand","embeddable":true,"href":"https:\/\/maison-laudacius.com\/en\/wp-json\/wp\/v2\/product_brand?post=426"},{"taxonomy":"product_cat","embeddable":true,"href":"https:\/\/maison-laudacius.com\/en\/wp-json\/wp\/v2\/product_cat?post=426"},{"taxonomy":"product_tag","embeddable":true,"href":"https:\/\/maison-laudacius.com\/en\/wp-json\/wp\/v2\/product_tag?post=426"}],"curies":[{"name":"wp","href":"https:\/\/api.w.org\/{rel}","templated":true}]}}